{"id":2071,"date":"2014-09-26T17:23:32","date_gmt":"2014-09-26T17:23:32","guid":{"rendered":"http:\/\/vanessa.thyes.com\/vanessa-thyes\/"},"modified":"2018-03-05T11:46:25","modified_gmt":"2018-03-05T11:46:25","slug":"vanessa-thyes","status":"publish","type":"page","link":"https:\/\/vanessa.thyes.com\/it\/vanessa-thyes\/","title":{"rendered":"VANESSA THYES"},"content":{"rendered":"<div class='flex_column_table av-av_one_full-2848a43f73ee89f4eff93a7798460aa3 sc-av_one_full av-equal-height-column-flextable'>\n<style type=\"text\/css\" data-created_by=\"avia_inline_auto\" id=\"style-css-av-av_one_full-2848a43f73ee89f4eff93a7798460aa3\">\n.flex_column.av-av_one_full-2848a43f73ee89f4eff93a7798460aa3{\nborder-radius:0px 0px 0px 0px;\npadding:0px 0px 0px 0px;\n}\n<\/style>\n<div  class='flex_column av-av_one_full-2848a43f73ee89f4eff93a7798460aa3 av_one_full  avia-builder-el-0  el_before_av_slideshow_full  avia-builder-el-no-sibling  first no_margin flex_column_table_cell av-equal-height-column av-align-middle av-zero-column-padding  '     ><section  class='av_textblock_section av-av_textblock-2de302bf1aa3cf4c9157dbe6f50ac7eb '   itemscope=\"itemscope\" itemtype=\"https:\/\/schema.org\/CreativeWork\" ><div class='avia_textblock'  itemprop=\"text\" ><h1>Vanessa Thyes<\/h1>\n<\/div><\/section><\/div><\/div><!--close column table wrapper. Autoclose: 1 -->\n\n<style type=\"text\/css\" data-created_by=\"avia_inline_auto\" id=\"style-css-av-av_one_full-15d750bd1b332b34c6e70b077ebbccdf\">\n.flex_column.av-av_one_full-15d750bd1b332b34c6e70b077ebbccdf{\nborder-radius:0px 0px 0px 0px;\npadding:0px 0px 0px 0px;\n}\n<\/style>\n<div  class='flex_column av-av_one_full-15d750bd1b332b34c6e70b077ebbccdf av_one_full first flex_column_div av-zero-column-padding  '     ><\/div>\n<\/div><\/div><\/div><!-- close content main div --><\/div><\/div><div id='full_slider_1'  class='avia-fullwidth-slider main_color avia-shadow   avia-builder-el-2  el_after_av_one_full  el_before_av_one_full   slider-not-first container_wrap fullsize'  ><div  class='avia-slideshow av-av_slideshow_full-246dc2ba3d7a7bd16630a3b16118295f avia-slideshow-featured_large av_slideshow_full avia-fade-slider av-slideshow-ui av-control-minimal av-slideshow-autoplay av-loop-endless av-loop-manual-endless av-default-height-applied   avia-slideshow-1' data-slideshow-options=\"{&quot;animation&quot;:&quot;fade&quot;,&quot;autoplay&quot;:true,&quot;loop_autoplay&quot;:&quot;endless&quot;,&quot;interval&quot;:5,&quot;loop_manual&quot;:&quot;manual-endless&quot;,&quot;autoplay_stopper&quot;:false,&quot;noNavigation&quot;:false,&quot;bg_slider&quot;:false,&quot;keep_padding&quot;:false,&quot;hoverpause&quot;:false,&quot;show_slide_delay&quot;:0}\"  itemprop=\"image\" itemscope=\"itemscope\" itemtype=\"https:\/\/schema.org\/ImageObject\" ><ul class='avia-slideshow-inner ' style='padding-bottom: 42%;'><li  class='avia-slideshow-slide av-av_slideshow_full-246dc2ba3d7a7bd16630a3b16118295f__0  slide-1 slide-odd'><div data-rel='slideshow-1' class='avia-slide-wrap '  title='Vanessa Thyes nel suo studio. Foto di Enik\u00f6 L\u00f6rinczi 2017' ><img decoding=\"async\" fetchpriority=\"high\" class=\"wp-image-2321 avia-img-lazy-loading-not-2321\"  src=\"https:\/\/vanessa.thyes.com\/wp-content\/uploads\/2018\/01\/Vanessa-thyes-studio-2017-2-1530px-web-1500x630.jpg\" width=\"1500\" height=\"630\" title='Vanessa Thyes nel suo studio. Foto di Enik\u00f6 L\u00f6rinczi 2017' alt='Vanessa Thyes nel suo studio. Foto di Enik\u00f6 L\u00f6rinczi 2017'  itemprop=\"thumbnailUrl\" srcset=\"https:\/\/vanessa.thyes.com\/wp-content\/uploads\/2018\/01\/Vanessa-thyes-studio-2017-2-1530px-web-1500x630.jpg 1500w, https:\/\/vanessa.thyes.com\/wp-content\/uploads\/2018\/01\/Vanessa-thyes-studio-2017-2-1530px-web-300x126.jpg 300w, https:\/\/vanessa.thyes.com\/wp-content\/uploads\/2018\/01\/Vanessa-thyes-studio-2017-2-1530px-web-768x323.jpg 768w, https:\/\/vanessa.thyes.com\/wp-content\/uploads\/2018\/01\/Vanessa-thyes-studio-2017-2-1530px-web-1030x433.jpg 1030w, https:\/\/vanessa.thyes.com\/wp-content\/uploads\/2018\/01\/Vanessa-thyes-studio-2017-2-1530px-web-705x296.jpg 705w, https:\/\/vanessa.thyes.com\/wp-content\/uploads\/2018\/01\/Vanessa-thyes-studio-2017-2-1530px-web-450x189.jpg 450w, https:\/\/vanessa.thyes.com\/wp-content\/uploads\/2018\/01\/Vanessa-thyes-studio-2017-2-1530px-web.jpg 2000w\" sizes=\"(max-width: 1500px) 100vw, 1500px\" \/><\/div><\/li><li  class='avia-slideshow-slide av-av_slideshow_full-246dc2ba3d7a7bd16630a3b16118295f__1  slide-2 slide-even'><div data-rel='slideshow-1' class='avia-slide-wrap '  title='Vanessa Thyes nel suo studio. Foto di Enik\u00f6 L\u00f6rinczi 2017' ><img decoding=\"async\" fetchpriority=\"high\" class=\"wp-image-2323 avia-img-lazy-loading-not-2323\"  src=\"https:\/\/vanessa.thyes.com\/wp-content\/uploads\/2018\/01\/Vanessa-thyes-studio-2017-5-1530px-web-1500x630.jpg\" width=\"1500\" height=\"630\" title='Vanessa Thyes nel suo studio. Foto di Enik\u00f6 L\u00f6rinczi 2017' alt='Vanessa Thyes nel suo studio. Foto di Enik\u00f6 L\u00f6rinczi 2017'  itemprop=\"thumbnailUrl\" srcset=\"https:\/\/vanessa.thyes.com\/wp-content\/uploads\/2018\/01\/Vanessa-thyes-studio-2017-5-1530px-web-1500x630.jpg 1500w, https:\/\/vanessa.thyes.com\/wp-content\/uploads\/2018\/01\/Vanessa-thyes-studio-2017-5-1530px-web-300x126.jpg 300w, https:\/\/vanessa.thyes.com\/wp-content\/uploads\/2018\/01\/Vanessa-thyes-studio-2017-5-1530px-web-768x323.jpg 768w, https:\/\/vanessa.thyes.com\/wp-content\/uploads\/2018\/01\/Vanessa-thyes-studio-2017-5-1530px-web-1030x433.jpg 1030w, https:\/\/vanessa.thyes.com\/wp-content\/uploads\/2018\/01\/Vanessa-thyes-studio-2017-5-1530px-web-705x296.jpg 705w, https:\/\/vanessa.thyes.com\/wp-content\/uploads\/2018\/01\/Vanessa-thyes-studio-2017-5-1530px-web-450x189.jpg 450w, https:\/\/vanessa.thyes.com\/wp-content\/uploads\/2018\/01\/Vanessa-thyes-studio-2017-5-1530px-web.jpg 2000w\" sizes=\"(max-width: 1500px) 100vw, 1500px\" \/><\/div><\/li><li  class='avia-slideshow-slide av-av_slideshow_full-246dc2ba3d7a7bd16630a3b16118295f__2  slide-3 slide-odd'><div data-rel='slideshow-1' class='avia-slide-wrap '  title='Vanessa Thyes nel suo studio. Foto di Enik\u00f6 L\u00f6rinczi 2017' ><img decoding=\"async\" fetchpriority=\"high\" class=\"wp-image-2319 avia-img-lazy-loading-not-2319\"  src=\"https:\/\/vanessa.thyes.com\/wp-content\/uploads\/2018\/01\/Vanessa-thyes-studio-2017-7-1530px-web.jpg\" width=\"1500\" height=\"630\" title='Vanessa Thyes nel suo studio. Foto di Enik\u00f6 L\u00f6rinczi 2017' alt='Vanessa Thyes nel suo studio. Foto di Enik\u00f6 L\u00f6rinczi 2017'  itemprop=\"thumbnailUrl\" srcset=\"https:\/\/vanessa.thyes.com\/wp-content\/uploads\/2018\/01\/Vanessa-thyes-studio-2017-7-1530px-web.jpg 1500w, https:\/\/vanessa.thyes.com\/wp-content\/uploads\/2018\/01\/Vanessa-thyes-studio-2017-7-1530px-web-300x126.jpg 300w, https:\/\/vanessa.thyes.com\/wp-content\/uploads\/2018\/01\/Vanessa-thyes-studio-2017-7-1530px-web-768x323.jpg 768w, https:\/\/vanessa.thyes.com\/wp-content\/uploads\/2018\/01\/Vanessa-thyes-studio-2017-7-1530px-web-1030x433.jpg 1030w, https:\/\/vanessa.thyes.com\/wp-content\/uploads\/2018\/01\/Vanessa-thyes-studio-2017-7-1530px-web-705x296.jpg 705w, https:\/\/vanessa.thyes.com\/wp-content\/uploads\/2018\/01\/Vanessa-thyes-studio-2017-7-1530px-web-450x189.jpg 450w\" sizes=\"(max-width: 1500px) 100vw, 1500px\" \/><\/div><\/li><li  class='avia-slideshow-slide av-av_slideshow_full-246dc2ba3d7a7bd16630a3b16118295f__3  slide-4 slide-even'><div data-rel='slideshow-1' class='avia-slide-wrap '   ><img decoding=\"async\" fetchpriority=\"high\" class=\"wp-image-2363 avia-img-lazy-loading-not-2363\"  src=\"https:\/\/vanessa.thyes.com\/wp-content\/uploads\/2018\/01\/Vanessa-thyes-studio-2017-6-1530-px-web.jpg\" width=\"1500\" height=\"630\" title='Vanessa Thyes nel suo studio. Foto di Enik\u00f6 L\u00f6rinczi 2017' alt='Vanessa Thyes nel suo studio. Foto di Enik\u00f6 L\u00f6rinczi 2017'  itemprop=\"thumbnailUrl\" srcset=\"https:\/\/vanessa.thyes.com\/wp-content\/uploads\/2018\/01\/Vanessa-thyes-studio-2017-6-1530-px-web.jpg 1500w, https:\/\/vanessa.thyes.com\/wp-content\/uploads\/2018\/01\/Vanessa-thyes-studio-2017-6-1530-px-web-300x126.jpg 300w, https:\/\/vanessa.thyes.com\/wp-content\/uploads\/2018\/01\/Vanessa-thyes-studio-2017-6-1530-px-web-768x323.jpg 768w, https:\/\/vanessa.thyes.com\/wp-content\/uploads\/2018\/01\/Vanessa-thyes-studio-2017-6-1530-px-web-1030x433.jpg 1030w, https:\/\/vanessa.thyes.com\/wp-content\/uploads\/2018\/01\/Vanessa-thyes-studio-2017-6-1530-px-web-705x296.jpg 705w, https:\/\/vanessa.thyes.com\/wp-content\/uploads\/2018\/01\/Vanessa-thyes-studio-2017-6-1530-px-web-450x189.jpg 450w\" sizes=\"(max-width: 1500px) 100vw, 1500px\" \/><\/div><\/li><\/ul><div class='avia-slideshow-arrows avia-slideshow-controls' ><a href='#prev' class='prev-slide  avia-svg-icon avia-font-svg_entypo-fontello' data-av_svg_icon='left-open-big' data-av_iconset='svg_entypo-fontello' tabindex='-1' title=\"Prec\"><svg version=\"1.1\" xmlns=\"http:\/\/www.w3.org\/2000\/svg\" width=\"15\" height=\"32\" viewBox=\"0 0 15 32\" preserveAspectRatio=\"xMidYMid meet\" aria-labelledby='av-svg-title-1' aria-describedby='av-svg-desc-1' role=\"graphics-symbol\" aria-hidden=\"true\">\n<title id='av-svg-title-1'>Prec<\/title>\n<desc id='av-svg-desc-1'>Prec<\/desc>\n<path d=\"M14.464 27.84q0.832 0.832 0 1.536-0.832 0.832-1.536 0l-12.544-12.608q-0.768-0.768 0-1.6l12.544-12.608q0.704-0.832 1.536 0 0.832 0.704 0 1.536l-11.456 11.904z\"><\/path>\n<\/svg><span class='avia_hidden_link_text'>Prec<\/span><\/a><a href='#next' class='next-slide  avia-svg-icon avia-font-svg_entypo-fontello' data-av_svg_icon='right-open-big' data-av_iconset='svg_entypo-fontello' tabindex='-1' title=\"Succ\"><svg version=\"1.1\" xmlns=\"http:\/\/www.w3.org\/2000\/svg\" width=\"15\" height=\"32\" viewBox=\"0 0 15 32\" preserveAspectRatio=\"xMidYMid meet\" aria-labelledby='av-svg-title-2' aria-describedby='av-svg-desc-2' role=\"graphics-symbol\" aria-hidden=\"true\">\n<title id='av-svg-title-2'>Succ<\/title>\n<desc id='av-svg-desc-2'>Succ<\/desc>\n<path d=\"M0.416 27.84l11.456-11.84-11.456-11.904q-0.832-0.832 0-1.536 0.832-0.832 1.536 0l12.544 12.608q0.768 0.832 0 1.6l-12.544 12.608q-0.704 0.832-1.536 0-0.832-0.704 0-1.536z\"><\/path>\n<\/svg><span class='avia_hidden_link_text'>Succ<\/span><\/a><\/div><div class='avia-slideshow-dots avia-slideshow-controls'><a href='#1' class='goto-slide active' >1<\/a><a href='#2' class='goto-slide ' >2<\/a><a href='#3' class='goto-slide ' >3<\/a><a href='#4' class='goto-slide ' >4<\/a><\/div><\/div><\/div><div id='after_full_slider_1'  class='main_color av_default_container_wrap container_wrap fullsize'  ><div class='container av-section-cont-open' ><div class='template-page content  av-content-full alpha units'><div class='post-entry post-entry-type-page post-entry-2071'><div class='entry-content-wrapper clearfix'>\n\n<style type=\"text\/css\" data-created_by=\"avia_inline_auto\" id=\"style-css-av-av_one_full-f3813ee8d3cfa82fbe9073bfbb529d65\">\n.flex_column.av-av_one_full-f3813ee8d3cfa82fbe9073bfbb529d65{\nborder-radius:0px 0px 0px 0px;\npadding:0px 0px 0px 0px;\n}\n<\/style>\n<div  class='flex_column av-av_one_full-f3813ee8d3cfa82fbe9073bfbb529d65 av_one_full  avia-builder-el-3  el_after_av_slideshow_full  el_before_av_one_half  avia-builder-el-first  first flex_column_div av-zero-column-padding  '     ><section  class='av_textblock_section av-av_textblock-2bd894dbf2e4bf2c4acf98ce4fbf94aa '   itemscope=\"itemscope\" itemtype=\"https:\/\/schema.org\/CreativeWork\" ><div class='avia_textblock'  itemprop=\"text\" ><blockquote>\n<p>\u201cE&#8217; una dimensione tutta interiore quella di Vanessa Thyes in cui chi osserva viene trascinato e coinvolto dalla morbidezza delle forme e dai colori studiati con cura.\u201c<\/p>\n<\/blockquote>\n<p style=\"text-align: right;\"><a href=\"https:\/\/vanessa.thyes.com\/wp-content\/uploads\/2018\/02\/Critica-Catarsi-Vaness-Thyes-2017.pdf\" target=\"_blank\" rel=\"noopener\"><strong>Antonella Catarsi<\/strong><\/a><br \/>\n<a href=\"https:\/\/vanessa.thyes.com\/it\/esposizioni-tre-differenti-modi-operativi-nel-contemporaneo\/\" target=\"_blank\" rel=\"noopener\">Tre Differenti Modi, aprile 2017<\/a><\/p>\n<\/div><\/section><\/div>\n<style type=\"text\/css\" data-created_by=\"avia_inline_auto\" id=\"style-css-av-av_one_half-15d750bd1b332b34c6e70b077ebbccdf\">\n.flex_column.av-av_one_half-15d750bd1b332b34c6e70b077ebbccdf{\nborder-radius:0px 0px 0px 0px;\npadding:0px 0px 0px 0px;\n}\n<\/style>\n<div  class='flex_column av-av_one_half-15d750bd1b332b34c6e70b077ebbccdf av_one_half  avia-builder-el-5  el_after_av_one_full  el_before_av_one_half  first flex_column_div av-zero-column-padding  column-top-margin'     ><section  class='av_textblock_section av-av_textblock-2bd894dbf2e4bf2c4acf98ce4fbf94aa '   itemscope=\"itemscope\" itemtype=\"https:\/\/schema.org\/CreativeWork\" ><div class='avia_textblock'  itemprop=\"text\" ><p>Nata a Zurigo, Svizzera, nel 1967. Inizia a disegnare da giovane, ispirata dall&#8217;ambiente artistico in cui vive. Dopo la maturit\u00e0 si diploma come stilista di moda alla scuola di moda &#8221; Modedesignschule Br\u00fcnn&#8221; di Zurigo. Frequenta i suoi primi corsi di nudo con il pittore Jean Louis Bertrand alla scuola d&#8217;arte di Zurigo.<\/p>\n<p>A 22 anni si trasferisce a Milano, in cerca di lavoro nel mondo della moda. Inizialmente lavora come stilista, ma presto trova lavoro presso lo studio &#8220;Melvin Anderson Designs&#8221; di Milano, occupandosi di disegni per tessuti di moda. Ricomincia a frequentare corsi di nudo, a Milano con il pittore Enrico Lui, e altri corsi di diverse tecniche come l&#8217;incisione e la serigrafia. Nel 1993 fa uno stage di costumista al Teatro di D\u00fcsseldorf (Schauspielhaus), Germania. Produce e decora a mano foulards, cravatte, vestiti e oggetti tessili per la casa.<\/p>\n<p>A partire dal 1994 comincia a lavorare in proprio come disegnatrice di tessuti sia di moda che d&#8217;arredamento. Partecipa per diversi anni con un suo stand alla fiera di disegni per tessuti &#8220;Indigo&#8221; di Parigi. Gira l&#8217; Europa e gli Stati Uniti vendendo le proprie creazioni a stamperie e tessiture. Lavora per stilisti come Moschino, Missoni e Enrico Coveri. Dal 1997 collabora con lo studio di disegni per tessuti d&#8217;arredamento &#8220;Union Design&#8221; di Como.<\/p>\n<\/div><\/section><\/div><\/p>\n\n<style type=\"text\/css\" data-created_by=\"avia_inline_auto\" id=\"style-css-av-av_one_half-c8fc129dc35fd1ae2a1e410224d39ea8\">\n.flex_column.av-av_one_half-c8fc129dc35fd1ae2a1e410224d39ea8{\nborder-radius:0px 0px 0px 0px;\npadding:0px 0px 0px 0px;\n}\n<\/style>\n<div  class='flex_column av-av_one_half-c8fc129dc35fd1ae2a1e410224d39ea8 av_one_half  avia-builder-el-7  el_after_av_one_half  el_before_av_hr  flex_column_div av-zero-column-padding  column-top-margin'     ><section  class='av_textblock_section av-av_textblock-2bd894dbf2e4bf2c4acf98ce4fbf94aa '   itemscope=\"itemscope\" itemtype=\"https:\/\/schema.org\/CreativeWork\" ><div class='avia_textblock'  itemprop=\"text\" ><p>Nel 2000 si trasferisce in Toscana, vicino a Pisa. Inizia subito la collaborazione con lo studio &#8220;Extremo&#8221; di Montemurlo, Prato. L\u00e0 si occupa delle nuove creazioni per tessuti Jacquard destinati soprattutto all&#8217;arredamento e segue direttamente le ragazze giovani, appena diplomatesi come stiliste che collaborano con lo studio, insegnandole le tecniche specifiche per il tessuto. Esegue decorazioni d&#8217;interni (murales) per case private e locali pubblici.<\/p>\n<p>Vanessa continua a studiare il nudo alla libera scuola del nudo dell\u2019accademia di Firenze e con il pittore Antonio Vignocchi di Lucca.<\/p>\n<p>Dal 2008 disegna e dipinge nel suo Atelier dedicandosi alla natura morta, il nudo, lo studio di scheletri animali, uniti a tematiche simboliche scoprendo nuove e antiche tecniche pittoriche.<\/p>\n<p>I lavori pi\u00f9 recenti raccolgono queste tematiche in \u201cmeandri grafici\u201d multicolore dall\u2019aspetto pi\u00f9 astratto. Sono la naturale evoluzione delle opere precedenti.<\/p>\n<p>Con i suoi \u201cmeandri\u201d aspira ad immergere l\u2019osservatore nei suoi pensieri tracciati a mano in linee sinuose; pensieri visivi che attraversano corpi e situazioni interpersonali rappresentati con un\u2019estetica attraente in cerca di abbinamenti cromatici personalissimi e spontanei.<\/p>\n<\/div><\/section><\/div>\n\n<style type=\"text\/css\" data-created_by=\"avia_inline_auto\" id=\"style-css-av-av_hr-5b471368457d644822a8d9dfe1dfe759\">\n#top .hr.hr-invisible.av-av_hr-5b471368457d644822a8d9dfe1dfe759{\nheight:40px;\n}\n<\/style>\n<div  class='hr av-av_hr-5b471368457d644822a8d9dfe1dfe759 hr-invisible  avia-builder-el-9  el_after_av_one_half  avia-builder-el-last  AbstandBlog av-mini-hide'><span class='hr-inner '><span class=\"hr-inner-style\"><\/span><\/span><\/div>\n","protected":false},"excerpt":{"rendered":"","protected":false},"author":2,"featured_media":0,"parent":0,"menu_order":0,"comment_status":"open","ping_status":"open","template":"","meta":{"footnotes":""},"class_list":["post-2071","page","type-page","status-publish","hentry"],"yoast_head":"<!-- This site is optimized with the Yoast SEO plugin v27.3 - https:\/\/yoast.com\/product\/yoast-seo-wordpress\/ -->\n<title>VANESSA THYES &#8211; Vanessa Thyes<\/title>\n<meta name=\"robots\" content=\"index, follow, max-snippet:-1, max-image-preview:large, max-video-preview:-1\" \/>\n<link rel=\"canonical\" href=\"https:\/\/vanessa.thyes.com\/it\/vanessa-thyes\/\" \/>\n<meta property=\"og:locale\" content=\"it_IT\" \/>\n<meta property=\"og:type\" content=\"article\" \/>\n<meta property=\"og:title\" content=\"VANESSA THYES &#8211; Vanessa Thyes\" \/>\n<meta property=\"og:url\" content=\"https:\/\/vanessa.thyes.com\/it\/vanessa-thyes\/\" \/>\n<meta property=\"og:site_name\" content=\"Vanessa Thyes\" \/>\n<meta property=\"article:modified_time\" content=\"2018-03-05T11:46:25+00:00\" \/>\n<meta name=\"twitter:card\" content=\"summary_large_image\" \/>\n<meta name=\"twitter:label1\" content=\"Tempo di lettura stimato\" \/>\n\t<meta name=\"twitter:data1\" content=\"7 minutes\" \/>\n<script type=\"application\/ld+json\" class=\"yoast-schema-graph\">{\"@context\":\"https:\\\/\\\/schema.org\",\"@graph\":[{\"@type\":\"WebPage\",\"@id\":\"https:\\\/\\\/vanessa.thyes.com\\\/it\\\/vanessa-thyes\\\/\",\"url\":\"https:\\\/\\\/vanessa.thyes.com\\\/it\\\/vanessa-thyes\\\/\",\"name\":\"VANESSA THYES &#8211; Vanessa Thyes\",\"isPartOf\":{\"@id\":\"https:\\\/\\\/vanessa.thyes.com\\\/#website\"},\"datePublished\":\"2014-09-26T17:23:32+00:00\",\"dateModified\":\"2018-03-05T11:46:25+00:00\",\"breadcrumb\":{\"@id\":\"https:\\\/\\\/vanessa.thyes.com\\\/it\\\/vanessa-thyes\\\/#breadcrumb\"},\"inLanguage\":\"it-IT\",\"potentialAction\":[{\"@type\":\"ReadAction\",\"target\":[\"https:\\\/\\\/vanessa.thyes.com\\\/it\\\/vanessa-thyes\\\/\"]}]},{\"@type\":\"BreadcrumbList\",\"@id\":\"https:\\\/\\\/vanessa.thyes.com\\\/it\\\/vanessa-thyes\\\/#breadcrumb\",\"itemListElement\":[{\"@type\":\"ListItem\",\"position\":1,\"name\":\"Home\",\"item\":\"https:\\\/\\\/vanessa.thyes.com\\\/it\\\/home\\\/\"},{\"@type\":\"ListItem\",\"position\":2,\"name\":\"VANESSA THYES\"}]},{\"@type\":\"WebSite\",\"@id\":\"https:\\\/\\\/vanessa.thyes.com\\\/#website\",\"url\":\"https:\\\/\\\/vanessa.thyes.com\\\/\",\"name\":\"Vanessa Thyes\",\"description\":\"art, painting, drawing, water colour, mixed media\",\"potentialAction\":[{\"@type\":\"SearchAction\",\"target\":{\"@type\":\"EntryPoint\",\"urlTemplate\":\"https:\\\/\\\/vanessa.thyes.com\\\/?s={search_term_string}\"},\"query-input\":{\"@type\":\"PropertyValueSpecification\",\"valueRequired\":true,\"valueName\":\"search_term_string\"}}],\"inLanguage\":\"it-IT\"}]}<\/script>\n<!-- \/ Yoast SEO plugin. -->","yoast_head_json":{"title":"VANESSA THYES &#8211; Vanessa Thyes","robots":{"index":"index","follow":"follow","max-snippet":"max-snippet:-1","max-image-preview":"max-image-preview:large","max-video-preview":"max-video-preview:-1"},"canonical":"https:\/\/vanessa.thyes.com\/it\/vanessa-thyes\/","og_locale":"it_IT","og_type":"article","og_title":"VANESSA THYES &#8211; Vanessa Thyes","og_url":"https:\/\/vanessa.thyes.com\/it\/vanessa-thyes\/","og_site_name":"Vanessa Thyes","article_modified_time":"2018-03-05T11:46:25+00:00","twitter_card":"summary_large_image","twitter_misc":{"Tempo di lettura stimato":"7 minutes"},"schema":{"@context":"https:\/\/schema.org","@graph":[{"@type":"WebPage","@id":"https:\/\/vanessa.thyes.com\/it\/vanessa-thyes\/","url":"https:\/\/vanessa.thyes.com\/it\/vanessa-thyes\/","name":"VANESSA THYES &#8211; Vanessa Thyes","isPartOf":{"@id":"https:\/\/vanessa.thyes.com\/#website"},"datePublished":"2014-09-26T17:23:32+00:00","dateModified":"2018-03-05T11:46:25+00:00","breadcrumb":{"@id":"https:\/\/vanessa.thyes.com\/it\/vanessa-thyes\/#breadcrumb"},"inLanguage":"it-IT","potentialAction":[{"@type":"ReadAction","target":["https:\/\/vanessa.thyes.com\/it\/vanessa-thyes\/"]}]},{"@type":"BreadcrumbList","@id":"https:\/\/vanessa.thyes.com\/it\/vanessa-thyes\/#breadcrumb","itemListElement":[{"@type":"ListItem","position":1,"name":"Home","item":"https:\/\/vanessa.thyes.com\/it\/home\/"},{"@type":"ListItem","position":2,"name":"VANESSA THYES"}]},{"@type":"WebSite","@id":"https:\/\/vanessa.thyes.com\/#website","url":"https:\/\/vanessa.thyes.com\/","name":"Vanessa Thyes","description":"art, painting, drawing, water colour, mixed media","potentialAction":[{"@type":"SearchAction","target":{"@type":"EntryPoint","urlTemplate":"https:\/\/vanessa.thyes.com\/?s={search_term_string}"},"query-input":{"@type":"PropertyValueSpecification","valueRequired":true,"valueName":"search_term_string"}}],"inLanguage":"it-IT"}]}},"_links":{"self":[{"href":"https:\/\/vanessa.thyes.com\/it\/wp-json\/wp\/v2\/pages\/2071","targetHints":{"allow":["GET"]}}],"collection":[{"href":"https:\/\/vanessa.thyes.com\/it\/wp-json\/wp\/v2\/pages"}],"about":[{"href":"https:\/\/vanessa.thyes.com\/it\/wp-json\/wp\/v2\/types\/page"}],"author":[{"embeddable":true,"href":"https:\/\/vanessa.thyes.com\/it\/wp-json\/wp\/v2\/users\/2"}],"replies":[{"embeddable":true,"href":"https:\/\/vanessa.thyes.com\/it\/wp-json\/wp\/v2\/comments?post=2071"}],"version-history":[{"count":1,"href":"https:\/\/vanessa.thyes.com\/it\/wp-json\/wp\/v2\/pages\/2071\/revisions"}],"predecessor-version":[{"id":4564,"href":"https:\/\/vanessa.thyes.com\/it\/wp-json\/wp\/v2\/pages\/2071\/revisions\/4564"}],"wp:attachment":[{"href":"https:\/\/vanessa.thyes.com\/it\/wp-json\/wp\/v2\/media?parent=2071"}],"curies":[{"name":"wp","href":"https:\/\/api.w.org\/{rel}","templated":true}]}}